{"id":35,"date":"2022-09-01T02:13:50","date_gmt":"2022-09-01T02:13:50","guid":{"rendered":"https:\/\/integrativesleepmed.com\/?page_id=35"},"modified":"2023-01-15T01:08:27","modified_gmt":"2023-01-15T01:08:27","slug":"home","status":"publish","type":"page","link":"https:\/\/integrativesleepmed.com\/en\/","title":{"rendered":"Home"},"content":{"rendered":"<div data-elementor-type=\"wp-page\" data-elementor-id=\"35\" class=\"elementor elementor-35\">\n\t\t\t\t\t\t\t\t\t<section class=\"elementor-section elementor-top-section elementor-element elementor-element-4dde5ac8 elementor-section-boxed elementor-section-height-default elementor-section-height-default\" data-id=\"4dde5ac8\" data-element_type=\"section\" id=\"videoblog\">\n\t\t\t\t\t\t\t<div class=\"elementor-background-overlay\"><\/div>\n\t\t\t\t\t\t\t<div class=\"elementor-container elementor-column-gap-default\">\n\t\t\t\t\t<div class=\"elementor-column elementor-col-33 elementor-top-column elementor-element elementor-element-6b62b74a\" data-id=\"6b62b74a\" data-element_type=\"column\">\n\t\t\t<div class=\"elementor-widget-wrap elementor-element-populated\">\n\t\t\t\t\t\t\t\t<div class=\"elementor-element elementor-element-1528968 elementor-widget elementor-widget-image\" data-id=\"1528968\" data-element_type=\"widget\" data-widget_type=\"image.default\">\n\t\t\t\t<div class=\"elementor-widget-container\">\n\t\t\t<style>\/*! elementor - v3.7.8 - 02-10-2022 *\/\n.elementor-widget-image{text-align:center}.elementor-widget-image a{display:inline-block}.elementor-widget-image a img[src$=\".svg\"]{width:48px}.elementor-widget-image img{vertical-align:middle;display:inline-block}<\/style>\t\t\t\t\t\t\t\t\t\t\t\t<img loading=\"lazy\" decoding=\"async\" width=\"168\" height=\"50\" src=\"https:\/\/integrativesleepmed.com\/wp-content\/uploads\/2023\/01\/logo-ism-1.png\" class=\"attachment-large size-large\" alt=\"\" style=\"width:100%;height:29.76%;max-width:168px\" \/>\t\t\t\t\t\t\t\t\t\t\t\t\t\t\t<\/div>\n\t\t\t\t<\/div>\n\t\t\t\t<div class=\"elementor-element elementor-element-fabfe08 elementor-widget elementor-widget-text-editor\" data-id=\"fabfe08\" data-element_type=\"widget\" data-widget_type=\"text-editor.default\">\n\t\t\t\t<div class=\"elementor-widget-container\">\n\t\t\t<style>\/*! elementor - v3.7.8 - 02-10-2022 *\/\n.elementor-widget-text-editor.elementor-drop-cap-view-stacked .elementor-drop-cap{background-color:#818a91;color:#fff}.elementor-widget-text-editor.elementor-drop-cap-view-framed .elementor-drop-cap{color:#818a91;border:3px solid;background-color:transparent}.elementor-widget-text-editor:not(.elementor-drop-cap-view-default) .elementor-drop-cap{margin-top:8px}.elementor-widget-text-editor:not(.elementor-drop-cap-view-default) .elementor-drop-cap-letter{width:1em;height:1em}.elementor-widget-text-editor .elementor-drop-cap{float:left;text-align:center;line-height:1;font-size:50px}.elementor-widget-text-editor .elementor-drop-cap-letter{display:inline-block}<\/style>\t\t\t\t<p>Let nothing take away your sleep.<\/p><p>We have the latest technology to diagnose and treat any sleep disorder.<\/p>\t\t\t\t\t\t<\/div>\n\t\t\t\t<\/div>\n\t\t\t\t<div class=\"elementor-element elementor-element-dd5dfae elementor-widget elementor-widget-shortcode\" data-id=\"dd5dfae\" data-element_type=\"widget\" data-widget_type=\"shortcode.default\">\n\t\t\t\t<div class=\"elementor-widget-container\">\n\t\t\t\t\t<div class=\"elementor-shortcode\"><div class=\"trp_language_switcher_shortcode\">\n<div class=\"trp-language-switcher trp-language-switcher-container\" data-no-translation>\n    <div class=\"trp-ls-shortcode-current-language\">\n        <a href=\"#\" class=\"trp-ls-shortcode-disabled-language trp-ls-disabled-language\" title=\"English\" onclick=\"event.preventDefault()\">\n\t\t\t<img loading=\"lazy\" decoding=\"async\" class=\"trp-flag-image\" src=\"https:\/\/integrativesleepmed.com\/wp-content\/plugins\/translatepress-multilingual\/assets\/images\/flags\/en_US.png\" width=\"18\" height=\"12\" alt=\"en_US\" title=\"English\"> English\t\t<\/a>\n    <\/div>\n    <div class=\"trp-ls-shortcode-language\">\n                <a href=\"#\" class=\"trp-ls-shortcode-disabled-language trp-ls-disabled-language\"  title=\"English\" onclick=\"event.preventDefault()\">\n\t\t\t<img loading=\"lazy\" decoding=\"async\" class=\"trp-flag-image\" src=\"https:\/\/integrativesleepmed.com\/wp-content\/plugins\/translatepress-multilingual\/assets\/images\/flags\/en_US.png\" width=\"18\" height=\"12\" alt=\"en_US\" title=\"English\"> English\t\t<\/a>\n                    <a href=\"https:\/\/integrativesleepmed.com\/wp-json\/wp\/v2\/pages\/35\/\" title=\"Spanish\">\n            <img loading=\"lazy\" decoding=\"async\" class=\"trp-flag-image\" src=\"https:\/\/integrativesleepmed.com\/wp-content\/plugins\/translatepress-multilingual\/assets\/images\/flags\/es_ES.png\" width=\"18\" height=\"12\" alt=\"es_ES\" title=\"Spanish\"> Spanish        <\/a>\n\n        <\/div>\n    <script type=\"application\/javascript\">\n        \/\/ need to have the same with set from JS on both divs. Otherwise it can push stuff around in HTML\n        var trp_ls_shortcodes = document.querySelectorAll('.trp_language_switcher_shortcode .trp-language-switcher');\n        if ( trp_ls_shortcodes.length > 0) {\n            \/\/ get the last language switcher added\n            var trp_el = trp_ls_shortcodes[trp_ls_shortcodes.length - 1];\n\n            var trp_shortcode_language_item = trp_el.querySelector( '.trp-ls-shortcode-language' )\n            \/\/ set width\n            var trp_ls_shortcode_width                                               = trp_shortcode_language_item.offsetWidth + 16;\n            trp_shortcode_language_item.style.width                                  = trp_ls_shortcode_width + 'px';\n            trp_el.querySelector( '.trp-ls-shortcode-current-language' ).style.width = trp_ls_shortcode_width + 'px';\n\n            \/\/ We're putting this on display: none after we have its width.\n            trp_shortcode_language_item.style.display = 'none';\n        }\n    <\/script>\n<\/div>\n<\/div><\/div>\n\t\t\t\t<\/div>\n\t\t\t\t<\/div>\n\t\t\t\t<div class=\"elementor-element elementor-element-2ee1de6 elementor-widget elementor-widget-spacer\" data-id=\"2ee1de6\" data-element_type=\"widget\" data-widget_type=\"spacer.default\">\n\t\t\t\t<div class=\"elementor-widget-container\">\n\t\t\t<style>\/*! elementor - v3.7.8 - 02-10-2022 *\/\n.elementor-column .elementor-spacer-inner{height:var(--spacer-size)}.e-container{--container-widget-width:100%}.e-container>.elementor-widget-spacer{width:var(--container-widget-width,var(--spacer-size));-ms-flex-item-align:stretch;align-self:stretch;-ms-flex-negative:0;flex-shrink:0}.e-container>.elementor-widget-spacer>.elementor-widget-container,.e-container>.elementor-widget-spacer>.elementor-widget-container>.elementor-spacer{height:100%}.e-container>.elementor-widget-spacer>.elementor-widget-container>.elementor-spacer>.elementor-spacer-inner{height:var(--container-widget-height,var(--spacer-size))}<\/style>\t\t<div class=\"elementor-spacer\">\n\t\t\t<div class=\"elementor-spacer-inner\"><\/div>\n\t\t<\/div>\n\t\t\t\t<\/div>\n\t\t\t\t<\/div>\n\t\t\t\t\t<\/div>\n\t\t<\/div>\n\t\t\t\t<div class=\"elementor-column elementor-col-33 elementor-top-column elementor-element elementor-element-c863e6b\" data-id=\"c863e6b\" data-element_type=\"column\">\n\t\t\t<div class=\"elementor-widget-wrap elementor-element-populated\">\n\t\t\t\t\t\t\t\t<div class=\"elementor-element elementor-element-afd20a4 elementor-cta--skin-cover elementor-animated-content elementor-bg-transform elementor-bg-transform-zoom-in elementor-widget elementor-widget-call-to-action\" data-id=\"afd20a4\" data-element_type=\"widget\" data-widget_type=\"call-to-action.default\">\n\t\t\t\t<div class=\"elementor-widget-container\">\n\t\t\t<link rel=\"stylesheet\" href=\"https:\/\/integrativesleepmed.com\/wp-content\/plugins\/elementor-pro\/assets\/css\/widget-call-to-action.min.css\">\t\t<div class=\"elementor-cta\">\n\t\t\t\t\t<div class=\"elementor-cta__bg-wrapper\">\n\t\t\t\t<div class=\"elementor-cta__bg elementor-bg\" style=\"background-image: url(https:\/\/integrativesleepmed.com\/wp-content\/uploads\/2023\/01\/slider-1024x448.jpg);\"><\/div>\n\t\t\t\t<div class=\"elementor-cta__bg-overlay\"><\/div>\n\t\t\t<\/div>\n\t\t\t\t\t\t\t<div class=\"elementor-cta__content\">\n\t\t\t\t\t\t\t\t\t<div class=\"elementor-content-item elementor-cta__content-item elementor-cta__image elementor-animated-item--grow\">\n\t\t\t\t\t\t<img loading=\"lazy\" decoding=\"async\" width=\"80\" height=\"80\" src=\"https:\/\/integrativesleepmed.com\/wp-content\/uploads\/2023\/01\/simbol-ism.png\" class=\"attachment-full size-full\" alt=\"\" style=\"width:100%;height:100%;max-width:80px\" \/>\t\t\t\t\t<\/div>\n\t\t\t\t\n\t\t\t\t<h2 class=\"elementor-cta__title elementor-cta__content-item elementor-content-item elementor-animated-item--grow\">Adult<\/h2>\n\t\t\t\t\n\t\t\t\t\t\t\t\t\t<div class=\"elementor-cta__button-wrapper elementor-cta__content-item elementor-content-item elementor-animated-item--grow\">\n\t\t\t\t\t<a class=\"elementor-cta__button elementor-button elementor-size-sm\" href=\"https:\/\/integrativesleepmed.com\/en\/home\/adult\/\">\n\t\t\t\t\t\tView more\t\t\t\t\t<\/a>\n\t\t\t\t\t<\/div>\n\t\t\t\t\t\t\t<\/div>\n\t\t\t\t\t\t<\/div>\n\t\t\t\t<\/div>\n\t\t\t\t<\/div>\n\t\t\t\t\t<\/div>\n\t\t<\/div>\n\t\t\t\t<div class=\"elementor-column elementor-col-33 elementor-top-column elementor-element elementor-element-4334520\" data-id=\"4334520\" data-element_type=\"column\">\n\t\t\t<div class=\"elementor-widget-wrap elementor-element-populated\">\n\t\t\t\t\t\t\t\t<div class=\"elementor-element elementor-element-e589f67 elementor-cta--skin-cover elementor-animated-content elementor-bg-transform elementor-bg-transform-zoom-in elementor-widget elementor-widget-call-to-action\" data-id=\"e589f67\" data-element_type=\"widget\" data-widget_type=\"call-to-action.default\">\n\t\t\t\t<div class=\"elementor-widget-container\">\n\t\t\t\t\t<div class=\"elementor-cta\">\n\t\t\t\t\t<div class=\"elementor-cta__bg-wrapper\">\n\t\t\t\t<div class=\"elementor-cta__bg elementor-bg\" style=\"background-image: url(https:\/\/integrativesleepmed.com\/wp-content\/uploads\/2023\/01\/child-sleeping-2021-09-04-08-26-15-utcc-1024x683.jpg);\"><\/div>\n\t\t\t\t<div class=\"elementor-cta__bg-overlay\"><\/div>\n\t\t\t<\/div>\n\t\t\t\t\t\t\t<div class=\"elementor-cta__content\">\n\t\t\t\t\t\t\t\t\t<div class=\"elementor-content-item elementor-cta__content-item elementor-cta__image elementor-animated-item--grow\">\n\t\t\t\t\t\t<img loading=\"lazy\" decoding=\"async\" width=\"81\" height=\"80\" src=\"https:\/\/integrativesleepmed.com\/wp-content\/uploads\/2023\/01\/simbol-ismc.png\" class=\"attachment-full size-full\" alt=\"\" style=\"width:100%;height:98.77%;max-width:81px\" \/>\t\t\t\t\t<\/div>\n\t\t\t\t\n\t\t\t\t<h2 class=\"elementor-cta__title elementor-cta__content-item elementor-content-item elementor-animated-item--grow\">Childrens<\/h2>\n\t\t\t\t\n\t\t\t\t\t\t\t\t\t<div class=\"elementor-cta__button-wrapper elementor-cta__content-item elementor-content-item elementor-animated-item--grow\">\n\t\t\t\t\t<a class=\"elementor-cta__button elementor-button elementor-size-sm\" href=\"https:\/\/integrativesleepmed.com\/en\/home\/childrens\/\">\n\t\t\t\t\t\tView more\t\t\t\t\t<\/a>\n\t\t\t\t\t<\/div>\n\t\t\t\t\t\t\t<\/div>\n\t\t\t\t\t\t<\/div>\n\t\t\t\t<\/div>\n\t\t\t\t<\/div>\n\t\t\t\t\t<\/div>\n\t\t<\/div>\n\t\t\t\t\t\t\t<\/div>\n\t\t<\/section>\n\t\t\t\t\t\t\t<\/div>","protected":false},"excerpt":{"rendered":"<p>Que nada te quite el sue\u00f1o. Contamos con la ultima tecnolog\u00eda para diagnosticar y tratar cualquier desorden del sue\u00f1o. Adultos Ver m\u00e1s Ni\u00f1os Ver m\u00e1s<\/p>","protected":false},"author":1,"featured_media":0,"parent":0,"menu_order":0,"comment_status":"closed","ping_status":"closed","template":"elementor_canvas","meta":{"footnotes":""},"class_list":["post-35","page","type-page","status-publish","hentry","entry"],"yoast_head":"<!-- This site is optimized with the Yoast SEO plugin v19.14 - https:\/\/yoast.com\/wordpress\/plugins\/seo\/ -->\n<title>Integrative Sleep Medicine<\/title>\n<meta name=\"description\" content=\"Atenci\u00f3n de alta calidad para tratar problemas como el insomnio, la apnea del sue\u00f1o y los trastornos del sue\u00f1o relacionados con la salud.\" \/>\n<meta name=\"robots\" content=\"index, follow, max-snippet:-1, max-image-preview:large, max-video-preview:-1\" \/>\n<link rel=\"canonical\" href=\"https:\/\/integrativesleepmed.com\/en\/\" \/>\n<meta property=\"og:locale\" content=\"en_US\" \/>\n<meta property=\"og:type\" content=\"article\" \/>\n<meta property=\"og:title\" content=\"Integrative Sleep Medicine\" \/>\n<meta property=\"og:description\" content=\"Atenci\u00f3n de alta calidad para tratar problemas como el insomnio, la apnea del sue\u00f1o y los trastornos del sue\u00f1o relacionados con la salud.\" \/>\n<meta property=\"og:url\" content=\"https:\/\/integrativesleepmed.com\/en\/\" \/>\n<meta property=\"og:site_name\" content=\"Integrative Sleep Medicine\" \/>\n<meta property=\"article:modified_time\" content=\"2023-01-15T01:08:27+00:00\" \/>\n<meta property=\"og:image\" content=\"https:\/\/integrativesleepmed.com\/wp-content\/uploads\/2023\/01\/img-banner-web-social-media-ism.jpg\" \/>\n\t<meta property=\"og:image:width\" content=\"600\" \/>\n\t<meta property=\"og:image:height\" content=\"315\" \/>\n\t<meta property=\"og:image:type\" content=\"image\/jpeg\" \/>\n<meta name=\"twitter:card\" content=\"summary_large_image\" \/>\n<meta name=\"twitter:title\" content=\"Integrative Sleep Medicine\" \/>\n<meta name=\"twitter:description\" content=\"Atenci\u00f3n de alta calidad para tratar problemas como el insomnio, la apnea del sue\u00f1o y los trastornos del sue\u00f1o relacionados con la salud.\" \/>\n<meta name=\"twitter:image\" content=\"https:\/\/integrativesleepmed.com\/wp-content\/uploads\/2023\/01\/img-banner-web-social-media-ism.jpg\" \/>\n<meta name=\"twitter:label1\" content=\"Est. reading time\" \/>\n\t<meta name=\"twitter:data1\" content=\"2 minutes\" \/>\n<script type=\"application\/ld+json\" class=\"yoast-schema-graph\">{\"@context\":\"https:\/\/schema.org\",\"@graph\":[{\"@type\":\"WebPage\",\"@id\":\"https:\/\/integrativesleepmed.com\/\",\"url\":\"https:\/\/integrativesleepmed.com\/\",\"name\":\"Integrative Sleep Medicine\",\"isPartOf\":{\"@id\":\"https:\/\/integrativesleepmed.com\/#website\"},\"datePublished\":\"2022-09-01T02:13:50+00:00\",\"dateModified\":\"2023-01-15T01:08:27+00:00\",\"description\":\"Atenci\u00f3n de alta calidad para tratar problemas como el insomnio, la apnea del sue\u00f1o y los trastornos del sue\u00f1o relacionados con la salud.\",\"breadcrumb\":{\"@id\":\"https:\/\/integrativesleepmed.com\/#breadcrumb\"},\"inLanguage\":\"en-US\",\"potentialAction\":[{\"@type\":\"ReadAction\",\"target\":[\"https:\/\/integrativesleepmed.com\/\"]}]},{\"@type\":\"BreadcrumbList\",\"@id\":\"https:\/\/integrativesleepmed.com\/#breadcrumb\",\"itemListElement\":[{\"@type\":\"ListItem\",\"position\":1,\"name\":\"Portada\",\"item\":\"https:\/\/integrativesleepmed.com\/\"},{\"@type\":\"ListItem\",\"position\":2,\"name\":\"Home\"}]},{\"@type\":\"WebSite\",\"@id\":\"https:\/\/integrativesleepmed.com\/#website\",\"url\":\"https:\/\/integrativesleepmed.com\/\",\"name\":\"Integrative Sleep Medicine\",\"description\":\"\",\"publisher\":{\"@id\":\"https:\/\/integrativesleepmed.com\/#organization\"},\"potentialAction\":[{\"@type\":\"SearchAction\",\"target\":{\"@type\":\"EntryPoint\",\"urlTemplate\":\"https:\/\/integrativesleepmed.com\/?s={search_term_string}\"},\"query-input\":\"required name=search_term_string\"}],\"inLanguage\":\"en-US\"},{\"@type\":\"Organization\",\"@id\":\"https:\/\/integrativesleepmed.com\/#organization\",\"name\":\"Integrative Sleep Medicine\",\"url\":\"https:\/\/integrativesleepmed.com\/\",\"logo\":{\"@type\":\"ImageObject\",\"inLanguage\":\"en-US\",\"@id\":\"https:\/\/integrativesleepmed.com\/#\/schema\/logo\/image\/\",\"url\":\"https:\/\/integrativesleepmed.com\/wp-content\/uploads\/2023\/01\/logo-simbol-ism.png\",\"contentUrl\":\"https:\/\/integrativesleepmed.com\/wp-content\/uploads\/2023\/01\/logo-simbol-ism.png\",\"width\":261,\"height\":81,\"caption\":\"Integrative Sleep Medicine\"},\"image\":{\"@id\":\"https:\/\/integrativesleepmed.com\/#\/schema\/logo\/image\/\"}}]}<\/script>\n<!-- \/ Yoast SEO plugin. -->","yoast_head_json":{"title":"Integrative Sleep Medicine","description":"Atenci\u00f3n de alta calidad para tratar problemas como el insomnio, la apnea del sue\u00f1o y los trastornos del sue\u00f1o relacionados con la salud.","robots":{"index":"index","follow":"follow","max-snippet":"max-snippet:-1","max-image-preview":"max-image-preview:large","max-video-preview":"max-video-preview:-1"},"canonical":"https:\/\/integrativesleepmed.com\/en\/","og_locale":"en_US","og_type":"article","og_title":"Integrative Sleep Medicine","og_description":"Atenci\u00f3n de alta calidad para tratar problemas como el insomnio, la apnea del sue\u00f1o y los trastornos del sue\u00f1o relacionados con la salud.","og_url":"https:\/\/integrativesleepmed.com\/en\/","og_site_name":"Integrative Sleep Medicine","article_modified_time":"2023-01-15T01:08:27+00:00","og_image":[{"width":600,"height":315,"url":"https:\/\/integrativesleepmed.com\/wp-content\/uploads\/2023\/01\/img-banner-web-social-media-ism.jpg","type":"image\/jpeg"}],"twitter_card":"summary_large_image","twitter_title":"Integrative Sleep Medicine","twitter_description":"Atenci\u00f3n de alta calidad para tratar problemas como el insomnio, la apnea del sue\u00f1o y los trastornos del sue\u00f1o relacionados con la salud.","twitter_image":"https:\/\/integrativesleepmed.com\/wp-content\/uploads\/2023\/01\/img-banner-web-social-media-ism.jpg","twitter_misc":{"Est. reading time":"2 minutes"},"schema":{"@context":"https:\/\/schema.org","@graph":[{"@type":"WebPage","@id":"https:\/\/integrativesleepmed.com\/","url":"https:\/\/integrativesleepmed.com\/","name":"Integrative Sleep Medicine","isPartOf":{"@id":"https:\/\/integrativesleepmed.com\/#website"},"datePublished":"2022-09-01T02:13:50+00:00","dateModified":"2023-01-15T01:08:27+00:00","description":"Atenci\u00f3n de alta calidad para tratar problemas como el insomnio, la apnea del sue\u00f1o y los trastornos del sue\u00f1o relacionados con la salud.","breadcrumb":{"@id":"https:\/\/integrativesleepmed.com\/#breadcrumb"},"inLanguage":"en-US","potentialAction":[{"@type":"ReadAction","target":["https:\/\/integrativesleepmed.com\/"]}]},{"@type":"BreadcrumbList","@id":"https:\/\/integrativesleepmed.com\/#breadcrumb","itemListElement":[{"@type":"ListItem","position":1,"name":"Portada","item":"https:\/\/integrativesleepmed.com\/"},{"@type":"ListItem","position":2,"name":"Home"}]},{"@type":"WebSite","@id":"https:\/\/integrativesleepmed.com\/#website","url":"https:\/\/integrativesleepmed.com\/","name":"Integrative Sleep Medicine","description":"","publisher":{"@id":"https:\/\/integrativesleepmed.com\/#organization"},"potentialAction":[{"@type":"SearchAction","target":{"@type":"EntryPoint","urlTemplate":"https:\/\/integrativesleepmed.com\/?s={search_term_string}"},"query-input":"required name=search_term_string"}],"inLanguage":"en-US"},{"@type":"Organization","@id":"https:\/\/integrativesleepmed.com\/#organization","name":"Integrative Sleep Medicine","url":"https:\/\/integrativesleepmed.com\/","logo":{"@type":"ImageObject","inLanguage":"en-US","@id":"https:\/\/integrativesleepmed.com\/#\/schema\/logo\/image\/","url":"https:\/\/integrativesleepmed.com\/wp-content\/uploads\/2023\/01\/logo-simbol-ism.png","contentUrl":"https:\/\/integrativesleepmed.com\/wp-content\/uploads\/2023\/01\/logo-simbol-ism.png","width":261,"height":81,"caption":"Integrative Sleep Medicine"},"image":{"@id":"https:\/\/integrativesleepmed.com\/#\/schema\/logo\/image\/"}}]}},"_links":{"self":[{"href":"https:\/\/integrativesleepmed.com\/en\/wp-json\/wp\/v2\/pages\/35","targetHints":{"allow":["GET"]}}],"collection":[{"href":"https:\/\/integrativesleepmed.com\/en\/wp-json\/wp\/v2\/pages"}],"about":[{"href":"https:\/\/integrativesleepmed.com\/en\/wp-json\/wp\/v2\/types\/page"}],"author":[{"embeddable":true,"href":"https:\/\/integrativesleepmed.com\/en\/wp-json\/wp\/v2\/users\/1"}],"replies":[{"embeddable":true,"href":"https:\/\/integrativesleepmed.com\/en\/wp-json\/wp\/v2\/comments?post=35"}],"version-history":[{"count":367,"href":"https:\/\/integrativesleepmed.com\/en\/wp-json\/wp\/v2\/pages\/35\/revisions"}],"predecessor-version":[{"id":1101,"href":"https:\/\/integrativesleepmed.com\/en\/wp-json\/wp\/v2\/pages\/35\/revisions\/1101"}],"wp:attachment":[{"href":"https:\/\/integrativesleepmed.com\/en\/wp-json\/wp\/v2\/media?parent=35"}],"curies":[{"name":"wp","href":"https:\/\/api.w.org\/{rel}","templated":true}]}}